{"id":9,"date":"2021-09-23T17:17:22","date_gmt":"2021-09-23T15:17:22","guid":{"rendered":"https:\/\/galerie-moderne.lu\/?page_id=9"},"modified":"2025-02-08T14:41:26","modified_gmt":"2025-02-08T13:41:26","slug":"uber-uns","status":"publish","type":"page","link":"https:\/\/galerie-moderne.lu\/fr\/uber-uns\/","title":{"rendered":"\u00c0 propos de nous"},"content":{"rendered":"<p><strong>75 ans d\u2019expertise en mobilier et design de cuisine<\/strong><br \/>\nDepuis plus de 70 ans, nous sommes votre r\u00e9f\u00e9rence au Luxembourg pour les meubles, le design de cuisine et l\u2019\u00e9clairage. Notre r\u00e9ussite repose sur un service unique, un savoir-faire solide et des prix \u00e9quitables dans la r\u00e9gion. D\u00e8s votre accueil chaleureux dans notre showroom, vous ressentirez notre passion pour l\u2019am\u00e9nagement int\u00e9rieur. Qu\u2019il s\u2019agisse d\u2019un \u00e9change avec nos architectes d\u2019int\u00e9rieur et concepteurs de cuisines ou de l\u2019expertise de nos menuisiers, nous vous garantissons un service complet et fiable.<\/p>\n<p><strong>Inspiration sur 10 000 m\u00b2<\/strong><br \/>\nSur notre espace d\u2019exposition de 10 000 m\u00b2, d\u00e9couvrez des univers d\u2019habitat \u00e9l\u00e9gants pour tous les go\u00fbts : cuisines, s\u00e9jours et salles \u00e0 manger, chambres \u00e0 coucher et chambres d\u2019enfants, sans oublier la d\u00e9coration et les solutions d\u2019\u00e9clairage. Vous trouverez m\u00eame du mobilier de bureau et des concepts adapt\u00e9s \u00e0 vos besoins professionnels. Laissez-vous inspirer par nos id\u00e9es chaleureuses, tendances et accueillantes, et trouvez la solution d\u2019am\u00e9nagement qui vous correspond.<\/p>\n<p><strong>Notre promesse : qualit\u00e9, personnalisation et durabilit\u00e9<\/strong><br \/>\nNous misons sur la qualit\u00e9, la durabilit\u00e9 et la personnalisation pour chacun de nos produits. Vos souhaits sont toujours au c\u0153ur de nos pr\u00e9occupations. Qu\u2019il s\u2019agisse de mobilier, de conception de cuisine ou de solutions d\u2019\u00e9clairage, nous transformons ensemble votre int\u00e9rieur en un v\u00e9ritable cocon de bien-\u00eatre. Venez nous rendre visite et d\u00e9couvrez par vous-m\u00eame nos d\u00e9cennies d\u2019exp\u00e9rience en mati\u00e8re de meubles, de design de cuisines et d\u2019architecture d\u2019int\u00e9rieur.<\/p>","protected":false},"excerpt":{"rendered":"<p>75 ans d\u2019expertise en mobilier et design de cuisine Depuis plus de 70 ans, nous sommes votre r\u00e9f\u00e9rence au Luxembourg pour les meubles, le design de cuisine et l\u2019\u00e9clairage. Notre r\u00e9ussite repose sur un service unique, un savoir-faire solide et des prix \u00e9quitables dans la r\u00e9gion. D\u00e8s votre accueil chaleureux dans notre showroom, vous ressentirez [&hellip;]<\/p>\n","protected":false},"author":1,"featured_media":1912,"parent":0,"menu_order":12,"comment_status":"closed","ping_status":"closed","template":"","meta":{"_acf_changed":false,"footnotes":""},"class_list":["post-9","page","type-page","status-publish","has-post-thumbnail","hentry"],"acf":[],"_links":{"self":[{"href":"https:\/\/galerie-moderne.lu\/fr\/wp-json\/wp\/v2\/pages\/9","targetHints":{"allow":["GET"]}}],"collection":[{"href":"https:\/\/galerie-moderne.lu\/fr\/wp-json\/wp\/v2\/pages"}],"about":[{"href":"https:\/\/galerie-moderne.lu\/fr\/wp-json\/wp\/v2\/types\/page"}],"author":[{"embeddable":true,"href":"https:\/\/galerie-moderne.lu\/fr\/wp-json\/wp\/v2\/users\/1"}],"replies":[{"embeddable":true,"href":"https:\/\/galerie-moderne.lu\/fr\/wp-json\/wp\/v2\/comments?post=9"}],"version-history":[{"count":13,"href":"https:\/\/galerie-moderne.lu\/fr\/wp-json\/wp\/v2\/pages\/9\/revisions"}],"predecessor-version":[{"id":1923,"href":"https:\/\/galerie-moderne.lu\/fr\/wp-json\/wp\/v2\/pages\/9\/revisions\/1923"}],"wp:featuredmedia":[{"embeddable":true,"href":"https:\/\/galerie-moderne.lu\/fr\/wp-json\/wp\/v2\/media\/1912"}],"wp:attachment":[{"href":"https:\/\/galerie-moderne.lu\/fr\/wp-json\/wp\/v2\/media?parent=9"}],"curies":[{"name":"wp","href":"https:\/\/api.w.org\/{rel}","templated":true}]}}