{"id":53,"date":"2021-09-23T23:44:27","date_gmt":"2021-09-23T21:44:27","guid":{"rendered":"https:\/\/galerie-moderne.lu\/?page_id=53"},"modified":"2023-06-20T10:43:51","modified_gmt":"2023-06-20T08:43:51","slug":"impressum","status":"publish","type":"page","link":"https:\/\/galerie-moderne.lu\/fr\/impressum\/","title":{"rendered":"Impressum"},"content":{"rendered":"<p>Information l\u00e9gale:<\/p>\n<p>Galerie Moderne S\u00e0rl<br \/>\nrue Schaffmill, 4<br \/>\nL-6778 Grevenmacher<\/p>\n<p>Repr\u00e9sent\u00e9 par:<\/p>\n<p>Monsieur Jean Seil<\/p>\n<p>Contact:<\/p>\n<p>T\u00e9l\u00e9phone : +352 7505661<br \/>\nT\u00e9l\u00e9copie : +352 750468<br \/>\nCourriel : info@gmg.lu<\/p>\n<p>Entr\u00e9e de registre\u00a0:<\/p>\n<p>Inscription au registre du commerce.<br \/>\nTribunal d&rsquo;enregistrement : Luxembourg<br \/>\nNum\u00e9ro d&rsquo;enregistrement : B4455<\/p>\n<p>Autorisation de Commerce:<\/p>\n<p>00036928\/4 \/ 6<\/p>\n<p>Taxe sur la valeur ajout\u00e9e:<\/p>\n<p>Num\u00e9ro d&rsquo;identification de la taxe de vente Loi sur la taxe de vente\u00a0:<br \/>\n19492400-109<\/p>\n<p>Num\u00e9ro d&rsquo;identification \u00e9conomique\u00a0:<\/p>\n<p>LU 11416971<\/p>\n<p>r\u00e8glement des diff\u00e9rends<\/p>\n<p>La Commission europ\u00e9enne propose une plate-forme de<br \/>\nR\u00e9solution des litiges (OS) pr\u00eate\u00a0: https:\/\/ec.europa.eu\/consumers\/odr<br \/>\nVous pouvez trouver notre adresse e-mail ci-dessus<br \/>\nImprimer.<\/p>\n<p>Nous ne sommes pas dispos\u00e9s ou oblig\u00e9s de participer \u00e0 une proc\u00e9dure de r\u00e8glement des diff\u00e9rends<br \/>\nparticiper au conseil d&rsquo;arbitrage des consommateurs.<\/p>\n<p>&nbsp;<\/p>\n<p>Responsabilit\u00e9 du contenu<\/p>\n<p>En tant que prestataire de services, nous sommes responsables de notre propre contenu sur ces pages conform\u00e9ment aux lois g\u00e9n\u00e9rales. Conform\u00e9ment \u00e0 la l\u00e9gislation, cependant, en tant que prestataire de services, nous ne sommes pas tenus de surveiller les informations transmises ou stock\u00e9es par des tiers ou d&rsquo;enqu\u00eater sur les circonstances qui indiquent une activit\u00e9 ill\u00e9gale.<\/p>\n<p>Les obligations de supprimer ou de bloquer l&rsquo;utilisation des informations en vertu des lois g\u00e9n\u00e9rales restent inchang\u00e9es. Cependant, la responsabilit\u00e9 \u00e0 cet \u00e9gard n&rsquo;est possible qu&rsquo;\u00e0 partir du moment o\u00f9 la connaissance d&rsquo;une violation sp\u00e9cifique de la loi est connue. D\u00e8s que nous prendrons connaissance des violations correspondantes de la loi, nous supprimerons imm\u00e9diatement ce contenu.<\/p>\n<p>Responsabilit\u00e9 pour les liens<\/p>\n<p>Notre offre contient des liens vers des sites Web externes de tiers sur le contenu desquels nous n&rsquo;avons aucune influence. Par cons\u00e9quent, nous ne pouvons assumer aucune responsabilit\u00e9 pour ce contenu tiers. Le fournisseur ou l&rsquo;exploitant respectif des pages est toujours responsable du contenu des pages li\u00e9es. Les pages li\u00e9es ont \u00e9t\u00e9 v\u00e9rifi\u00e9es pour d&rsquo;\u00e9ventuelles violations de la loi au moment de la liaison. Le contenu ill\u00e9gal n&rsquo;\u00e9tait pas reconnaissable au moment de la cr\u00e9ation du lien.<\/p>\n<p>Cependant, un contr\u00f4le permanent du contenu des pages li\u00e9es n&rsquo;est pas raisonnable sans preuves concr\u00e8tes d&rsquo;une infraction. Si nous prenons connaissance de violations l\u00e9gales, nous supprimerons imm\u00e9diatement ces liens.<\/p>\n<p>droits d&rsquo;auteur<\/p>\n<p>Le contenu et les \u0153uvres de ces pages cr\u00e9\u00e9s par les exploitants du site sont soumis \u00e0 la loi luxembourgeoise sur le droit d&rsquo;auteur. La duplication, l&rsquo;\u00e9dition, la distribution et tout type d&rsquo;exploitation en dehors des limites du droit d&rsquo;auteur n\u00e9cessitent le consentement \u00e9crit de l&rsquo;auteur ou du cr\u00e9ateur respectif. Les t\u00e9l\u00e9chargements et copies de ce site ne sont autoris\u00e9s que pour un usage priv\u00e9 et non commercial.<\/p>\n<p>Dans la mesure o\u00f9 le contenu de ce site n&rsquo;a pas \u00e9t\u00e9 cr\u00e9\u00e9 par l&rsquo;exploitant, les droits d&rsquo;auteur de tiers sont respect\u00e9s. En particulier, les contenus de tiers sont signal\u00e9s comme tels. Si vous avez n\u00e9anmoins connaissance d&rsquo;une violation du droit d&rsquo;auteur, nous vous demandons de nous en informer en cons\u00e9quence. D\u00e8s que nous aurons connaissance de violations l\u00e9gales, nous supprimerons imm\u00e9diatement ce contenu.<\/p>","protected":false},"excerpt":{"rendered":"<p>Information l\u00e9gale: Galerie Moderne S\u00e0rl rue Schaffmill, 4 L-6778 Grevenmacher Repr\u00e9sent\u00e9 par: Monsieur Jean Seil Contact: T\u00e9l\u00e9phone : +352 7505661 T\u00e9l\u00e9copie : +352 750468 Courriel : info@gmg.lu Entr\u00e9e de registre\u00a0: Inscription au registre du commerce. Tribunal d&rsquo;enregistrement : Luxembourg Num\u00e9ro d&rsquo;enregistrement : B4455 Autorisation de Commerce: 00036928\/4 \/ 6 Taxe sur la valeur ajout\u00e9e: Num\u00e9ro [&hellip;]<\/p>\n","protected":false},"author":1,"featured_media":653,"parent":0,"menu_order":15,"comment_status":"closed","ping_status":"closed","template":"","meta":{"_acf_changed":false,"footnotes":""},"class_list":["post-53","page","type-page","status-publish","has-post-thumbnail","hentry"],"acf":[],"_links":{"self":[{"href":"https:\/\/galerie-moderne.lu\/fr\/wp-json\/wp\/v2\/pages\/53","targetHints":{"allow":["GET"]}}],"collection":[{"href":"https:\/\/galerie-moderne.lu\/fr\/wp-json\/wp\/v2\/pages"}],"about":[{"href":"https:\/\/galerie-moderne.lu\/fr\/wp-json\/wp\/v2\/types\/page"}],"author":[{"embeddable":true,"href":"https:\/\/galerie-moderne.lu\/fr\/wp-json\/wp\/v2\/users\/1"}],"replies":[{"embeddable":true,"href":"https:\/\/galerie-moderne.lu\/fr\/wp-json\/wp\/v2\/comments?post=53"}],"version-history":[{"count":4,"href":"https:\/\/galerie-moderne.lu\/fr\/wp-json\/wp\/v2\/pages\/53\/revisions"}],"predecessor-version":[{"id":1386,"href":"https:\/\/galerie-moderne.lu\/fr\/wp-json\/wp\/v2\/pages\/53\/revisions\/1386"}],"wp:featuredmedia":[{"embeddable":true,"href":"https:\/\/galerie-moderne.lu\/fr\/wp-json\/wp\/v2\/media\/653"}],"wp:attachment":[{"href":"https:\/\/galerie-moderne.lu\/fr\/wp-json\/wp\/v2\/media?parent=53"}],"curies":[{"name":"wp","href":"https:\/\/api.w.org\/{rel}","templated":true}]}}