{"id":49,"date":"2021-09-23T23:42:17","date_gmt":"2021-09-23T21:42:17","guid":{"rendered":"https:\/\/galerie-moderne.lu\/?page_id=49"},"modified":"2023-02-08T17:23:18","modified_gmt":"2023-02-08T16:23:18","slug":"agbs","status":"publish","type":"page","link":"https:\/\/galerie-moderne.lu\/en\/agbs\/","title":{"rendered":"Terms and conditions"},"content":{"rendered":"<p class=\"qtranxs-available-languages-message qtranxs-available-languages-message-en\"> <\/p><p><\/p>\n<div class=\"boldgrid-section\">\n<div class=\"container\">\n<div class=\"row\">\n<div class=\"col-md-12 col-xs-12 col-sm-12\">\n<h1 class=\"\">Allgemeine Gesch\u00e4ftsbedingungen der Firma Galerie Moderne S\u00e0rl<\/h1>\n<h2>\u00a71 Geltung gegen\u00fcber Unternehmern und Begriffsdefinitionen<\/h2>\n<ol>\n<li>Die nachfolgenden Allgemeinen Gesch\u00e4ftbedingungen gelten f\u00fcr alle Lieferungen zwischen uns und einem Verbraucher<br \/>\nin ihrer zum Zeitpunkt der Bestellung g\u00fcltigen Fassung.Verbraucher ist jede nat\u00fcrliche Person, die ein Rechtsgesch\u00e4ft zu Zwecken abschlie\u00dft, die \u00fcberwiegend weder<br \/>\nihrer gewerblichen noch ihrer selbst\u00e4ndigen beruflichen T\u00e4tigkeit zugerechnet werden k\u00f6nnen (\u00a7 13 BGB).<\/li>\n<\/ol>\n<h2 class=\"\">\u00a72 Zustandekommen eines Vertrages, Speicherung des Vertragstextes<\/h2>\n<ol class=\"\">\n<li>Die folgenden Regelungen \u00fcber den Vertragsabschluss gelten f\u00fcr Bestellungen \u00fcber unseren Internetshop\u00a0<a href=\"https:\/\/gmg-shop.lu\/\">https:\/\/gmg-shop.lu\/<\/a>.<\/li>\n<li>Im Falle des Vertragsschlusses kommt der Vertrag mit<br \/>\n<strong><br \/>\nGalerie Moderne S\u00e0rl<\/strong><br \/>\n<strong>Jean Seil<\/strong><br \/>\n<strong>rue Schaffmill, 4<\/strong><br \/>\n<strong>L-6778 Grevenmacher<br \/>\n<\/strong><br \/>\n<strong>Registernummer LU11416971<\/strong><br \/>\n<strong>Registergericht Grevenmacher<br \/>\n<\/strong><br \/>\nzustande.<\/li>\n<li>Die Pr\u00e4sentation der Waren in unserem Internetshop stellen kein rechtlich bindendes Vertragsangebot unsererseits dar,<br \/>\nsondern sind nur eine unverbindliche Aufforderungen an den Verbraucher, Waren zu bestellen. Mit der Bestellung der gew\u00fcnschten Ware gibt der Verbraucher ein f\u00fcr<br \/>\nihn verbindliches Angebot auf Abschluss eines Kaufvertrages ab.<\/li>\n<li>Bei Eingang einer Bestellung in unserem Internetshop gelten folgende Regelungen:<br \/>\nDer Verbraucher gibt ein bindendes Vertragsangebot ab, indem er die in unserem Internetshop vorgesehene Bestellprozedur erfolgreich durchl\u00e4uft.Die Bestellung erfolgt in folgenden Schritten:1) Auswahl der gew\u00fcnschten Ware<br \/>\n2) Best\u00e4tigen durch Anklicken des Buttons \u201eBestellen\u201c<br \/>\n3) Pr\u00fcfung der Angaben im Warenkorb<br \/>\n4) Best\u00e4tigung durch Anklicken des Buttons \u201ezur Kasse\u201c<br \/>\n5) Anmeldung im Internetshop nach Registrierung und Eingabe der Anmelderangaben (E-Mail-Adresse und Passwort)<br \/>\n6) Nochmalige Pr\u00fcfung bzw. Berichtigung der jeweiligen eingegebenen Daten<br \/>\n7) Verbindliche Absendung der Bestellung durch Anklicken des Buttons \u201ekostenpflichtig bestellen\u201c bzw. \u201ekaufen\u201cDer Verbraucher kann vor dem verbindlichen Absenden der Bestellung durch Bet\u00e4tigen der in dem von ihm verwendeten Internet-Browser enthaltenen \u201eZur\u00fcck\u201c-Taste nach Kontrolle seiner Angaben wieder zu der Internetseite gelangen, auf der die Angaben des Kunden erfasst werden und Eingabefehler berichtigen bzw. durch Schlie\u00dfen des Internetbrowsers den Bestellvorgang abbrechen.<br \/>\nWir best\u00e4tigen den Eingang der Bestellung unmittelbar durch eine automatisch generierte E-Mail (\u201eAuftragsbest\u00e4tigung\u201c). Mit dieser nehmen wir Ihr Angebot an.<\/li>\n<li>Speicherung des Vertragstextes bei Bestellungen \u00fcber unseren Internetshop : Wir senden Ihnen die Bestelldaten und unsere AGB per<br \/>\nE-Mail zu. Die AGB k\u00f6nnen Sie jederzeit auch unter\u00a0<a href=\"https:\/\/galerie-moderne.lu\/agbs\">https:\/\/galerie-moderne.lu\/agbs<\/a>\u00a0einsehen.<br \/>\nIhre Bestelldaten sind aus Sicherheitsgr\u00fcnden nicht mehr \u00fcber das Internet zug\u00e4nglich.<\/li>\n<\/ol>\n<h2>\u00a73 Preise, Versandkosten, Zahlung, F\u00e4lligkeit<\/h2>\n<ol>\n<li>Die angegebenen Preise enthalten die gesetzliche Umsatzsteuer und sonstige Preisbestandteile. Hinzu kommen etwaige Versandkosten.<\/li>\n<li>Der Verbraucher hat die M\u00f6glichkeit der Zahlung perVorkasse,<br \/>\nPayPal,<br \/>\nKreditkarte(Visa)<\/li>\n<li>Hat der Verbraucher die Zahlung per Vorkasse gew\u00e4hlt, so verpflichtet er sich, den Kaufpreis unverz\u00fcglich nach Vertragsschluss zu zahlen.<\/li>\n<\/ol>\n<h2>\u00a74 Lieferung<\/h2>\n<ol>\n<li>Sofern wir dies in der Produktbeschreibung nicht deutlich anders angegeben haben, sind alle von uns angebotenen Artikel sofort versandfertig.<br \/>\nDie Lieferung erfolgt sp\u00e4testens innerhalb von sieben Werktagen.<br \/>\nDabei beginnt die Frist f\u00fcr die Lieferung im Falle der Zahlung per Vorkasse am Tag nach<br \/>\nZahlungsauftrag an die mit der \u00dcberweisung beauftragte Bank und bei allen anderen Zahlungsarten am Tag nach Vertragsschluss.<br \/>\nF\u00e4llt das Fristende auf einen Samstag, Sonntag oder gesetzlichen Feiertag am Lieferort, so endet die Frist am n\u00e4chsten Werktag.<\/li>\n<li>Das Risiko des zuf\u00e4lligen Verlusts und der zuf\u00e4lligen Besch\u00e4digung der gekauften Ware geht beim Versendungskauf erst mit der \u00dcbergabe der Ware an den K\u00e4ufer auf diesen \u00fcber.<\/li>\n<\/ol>\n<h2>\u00a75 Eigentumsvorbehalt<\/h2>\n<ol class=\"\">\n<li>Wir behalten uns das Eigentum an der Ware bis zur vollst\u00e4ndigen Bezahlung des Kaufpreises vor.<\/li>\n<\/ol>\n<p>****************************************************************************************************<\/p>\n<h2>\u00a76 Widerrufsrecht des Kunden als Verbraucher:<\/h2>\n<h4><b>Widerrufsrecht f\u00fcr Verbraucher<\/b><\/h4>\n<p>Verbrauchern steht ein Widerrufsrecht nach folgender Ma\u00dfgabe zu, wobei Verbraucher jede nat\u00fcrliche Person ist, die ein Rechtsgesch\u00e4ft zu Zwecken abschlie\u00dft,<br \/>\ndie \u00fcberwiegend weder ihrer gewerblichen noch ihrer selbst\u00e4ndigen beruflichen T\u00e4tigkeit zugerechnet werden k\u00f6nnen (\u00a7 13 BGB):<\/p>\n<h3>Widerrufsbelehrung<\/h3>\n<h4><b>Widerrufsrecht<\/b><\/h4>\n<p>Sie haben das Recht, binnen vierzehn Tagen ohne Angabe von Gr\u00fcnden diesen Vertrag zu widerrufen.<\/p>\n<p class=\"\">Die Widerrufsfrist betr\u00e4gt vierzehn Tage, ab dem Tag, an dem Sie oder ein von Ihnen benannter Dritter,<br \/>\nder nicht der Bef\u00f6rderer ist, die Waren in Besitz genommen haben bzw. hat.<\/p>\n<p class=\"\">Um Ihr Widerrufsrecht auszu\u00fcben, m\u00fcssen Sie uns<\/p>\n<div><strong>Galerie Moderne S\u00e0rl<\/strong><br \/>\n<strong>Jean Seil<\/strong><br \/>\n<strong>rue Schaffmill, 4<\/strong><br \/>\n<strong>L-6778 Grevenmacher<\/strong><\/div>\n<div><strong>E-Mail: john.seil@gmg.lu<\/strong><br \/>\n<strong>Telefax 7505661<\/strong><\/div>\n<\/div>\n<\/div>\n<\/div>\n<\/div>\n<p>&nbsp;<\/p>\n<div class=\"boldgrid-section\">\n<div class=\"container\">\n<div class=\"row\">\n<div class=\"col-md-12 col-xs-12 col-sm-12\">\n<p>mittels einer eindeutigen Erkl\u00e4rung (z.B. ein mit der Post versandter Brief, Telefax oder E-Mail) \u00fcber Ihren Entschluss,<br \/>\ndiesen Vertrag zu widerrufen, informieren. Sie k\u00f6nnen daf\u00fcr das weiter unten (\u00a77) angef\u00fchrte Muster-Widerrufsformular verwenden, welches jedoch nicht vorgeschrieben ist.<\/p>\n<h4><b>Widerrufsfolgen<\/b><\/h4>\n<p>Wenn Sie diesen Vertrag widerrufen, haben wir Ihnen alle Zahlungen, die wir von Ihnen erhalten haben, einschlie\u00dflich der<br \/>\nLieferkosten (mit Ausnahme der zus\u00e4tzlichen Kosten, die sich daraus ergeben, dass Sie eine andere Art der Lieferung als<br \/>\ndie von uns angebotene, g\u00fcnstigste Standardlieferung gew\u00e4hlt haben), unverz\u00fcglich und sp\u00e4testens binnen vierzehn Tagen<br \/>\nab dem Tag zur\u00fcckzuzahlen, an dem die Mitteilung \u00fcber Ihren Widerruf dieses Vertrags bei uns eingegangen ist.<br \/>\nF\u00fcr diese R\u00fcckzahlung verwenden wir dasselbe Zahlungsmittel, das Sie bei der urspr\u00fcnglichen Transaktion eingesetzt haben,<br \/>\nes sei denn, mit Ihnen wurde ausdr\u00fccklich etwas anderes vereinbart; in keinem Fall werden Ihnen wegen dieser R\u00fcckzahlung Entgelte berechnet.<\/p>\n<p>Wir k\u00f6nnen die R\u00fcckzahlung verweigern, bis wir die Waren wieder zur\u00fcckerhalten haben oder bis Sie den Nachweis erbracht haben,<br \/>\ndass Sie die Waren zur\u00fcckgesandt haben, je nachdem, welches der fr\u00fchere Zeitpunkt ist.<\/p>\n<p>Sie haben die Waren unverz\u00fcglich und in jedem Fall sp\u00e4testens binnen vierzehn Tagen ab dem Tag, an dem Sie uns \u00fcber den<br \/>\nWiderruf dieses Vertrages unterrichten, an uns zur\u00fcckzusenden oder zu \u00fcbergeben. Die Frist ist gewahrt,<br \/>\nwenn Sie die Waren vor Ablauf der Frist von vierzehn Tagen absenden.<\/p>\n<p>Sie tragen die unmittelbaren Kosten der R\u00fccksendung der Waren.<\/p>\n<p>Sie m\u00fcssen f\u00fcr einen etwaigen Wertverlust der Waren nur aufkommen, wenn dieser Wertverlust auf einen zur Pr\u00fcfung der Beschaffenheit, Eigenschaften und Funktionsweise der Waren nicht notwendigen Umgang mit ihnen zur\u00fcckzuf\u00fchren ist.<\/p>\n<p><b>Ende der Widerrufsbelehrung<\/b><\/p>\n<p>&nbsp;<\/p>\n<p>****************************************************************************************************<\/p>\n<p>&nbsp;<\/p>\n<h2 class=\"\">\u00a77 Widerrufsformular<\/h2>\n<h3>Muster-Widerrufsformular<\/h3>\n<p>(Wenn Sie den Vertrag widerrufen wollen, dann f\u00fcllen Sie bitte dieses Formular aus und senden Sie es zur\u00fcck.)<\/p>\n<\/div>\n<\/div>\n<\/div>\n<\/div>\n<div>\n<p>An :<\/p>\n<p><strong>Galerie Moderne S\u00e0rl<\/strong><br \/>\n<strong>Jean Seil<\/strong><br \/>\n<strong>rue Schaffmill, 4<\/strong><br \/>\n<strong>L-6778 Grevenmacher<\/strong><\/p>\n<p>E-Mail: john.seil@gmg.lu<\/p>\n<p>Hiermit widerrufe(n) ich\/wir (*) den von mir\/uns (*) abgeschlossenen Vertrag \u00fcber den Kauf der folgenden Waren (*)\/die Erbringung der folgenden Dienstleistung<\/p>\n<p>(*)_____________________________________________________<\/p>\n<p>Bestellt am (*)\/erhalten am (*)<\/p>\n<p>__________________<\/p>\n<p>Name des\/der Verbraucher(s)<\/p>\n<p>_____________________________________________________<\/p>\n<p>Anschrift des\/der Verbraucher(s)<\/p>\n<p>_____________________________________________________<\/p>\n<p>Unterschrift des\/der Verbraucher(s) (nur bei Mitteilung auf Papier)<\/p>\n<p>__________________<\/p>\n<p>Datum<\/p>\n<p>__________________<\/p>\n<\/div>\n<div class=\"boldgrid-section\">\n<div class=\"container\">\n<div class=\"row\">\n<div class=\"col-md-12 col-xs-12 col-sm-12\">\n<p>(*) Unzutreffendes streichen.<\/p>\n<h2>\u00a78 Gew\u00e4hrleistung<\/h2>\n<p>Es gelten die gesetzlichen Gew\u00e4hrleistungsregelungen.<\/p>\n<h2>\u00a79 Verhaltenskodex<\/h2>\n<p>Wir haben uns den Verhaltenskodizes der folgenden Einrichtungen unterworfen:<\/p>\n<p>Euro-Label Germany<br \/>\nEHI-EuroHandelsinstitut GmbH<br \/>\nSpichernstra\u00dfe 55<br \/>\n50672 K\u00f6ln<\/p>\n<p>Den Euro-Label Verhaltenskodex k\u00f6nnen Sie durch Anklicken des auf unserer Webseite angebrachten Euro-Label-Siegels oder unter\u00a0<a href=\"http:\/\/www.euro-label.com\/\">http:\/\/www.euro-label.com<\/a>\u00a0abrufen.<\/p>\n<p>Und<\/p>\n<p>Trusted Shops GmbH<br \/>\nColonius Carr\u00e9<br \/>\nSubbelrather Stra\u00dfe 15c<br \/>\n50823 K\u00f6ln<\/p>\n<p>Den Trusted Shops Verhaltenskodex k\u00f6nnen Sie durch Anklicken des auf unserer Webseite angebrachten Trusted-Shops-Siegels oder unter\u00a0<a href=\"https:\/\/www.trustedshops.de\/\">https:\/\/www.trustedshops.de<\/a>\u00a0abrufen.<\/p>\n<h2>\u00a710 Vertragssprache<\/h2>\n<p>Als Vertragssprache stehen ausschlie\u00dflich Deutsch, Franz\u00f6sisch und Englisch zur Verf\u00fcgung.<\/p>\n<p>****************************************************************************************************<\/p>\n<h2>\u00a711 Kundendienst<\/h2>\n<p>Unser Kundendienst f\u00fcr Fragen, Reklamationen und Beanstandungen steht Ihnen<b><br \/>\nwerktags von 8:00 Uhr bis 17:30 Uhr<br \/>\n<\/b>unter<\/p>\n<p class=\"\"><strong>Telefon: +3527505661<\/strong><br \/>\n<strong>Telefax: +352750468<\/strong><br \/>\n<strong>E-Mail: secretariat@gmg.lu<\/strong><\/p>\n<p class=\"\">zur Verf\u00fcgung.<\/p>\n<p>****************************************************************************************************<\/p>\n<p>Stand der AGB Januar 2021<\/p>\n<\/div>\n<\/div>\n<\/div>\n<\/div>\n<p><\/p>","protected":false},"excerpt":{"rendered":"<p>Allgemeine Gesch\u00e4ftsbedingungen der Firma Galerie Moderne S\u00e0rl \u00a71 Geltung gegen\u00fcber Unternehmern und Begriffsdefinitionen Die nachfolgenden Allgemeinen Gesch\u00e4ftbedingungen gelten f\u00fcr alle Lieferungen zwischen uns und einem Verbraucher in ihrer zum Zeitpunkt der Bestellung g\u00fcltigen Fassung.Verbraucher ist jede nat\u00fcrliche Person, die ein Rechtsgesch\u00e4ft zu Zwecken abschlie\u00dft, die \u00fcberwiegend weder ihrer gewerblichen noch ihrer selbst\u00e4ndigen beruflichen T\u00e4tigkeit zugerechnet [&hellip;]<\/p>\n","protected":false},"author":1,"featured_media":40,"parent":0,"menu_order":17,"comment_status":"closed","ping_status":"closed","template":"","meta":{"_acf_changed":false,"footnotes":""},"class_list":["post-49","page","type-page","status-publish","has-post-thumbnail","hentry"],"acf":[],"_links":{"self":[{"href":"https:\/\/galerie-moderne.lu\/en\/wp-json\/wp\/v2\/pages\/49","targetHints":{"allow":["GET"]}}],"collection":[{"href":"https:\/\/galerie-moderne.lu\/en\/wp-json\/wp\/v2\/pages"}],"about":[{"href":"https:\/\/galerie-moderne.lu\/en\/wp-json\/wp\/v2\/types\/page"}],"author":[{"embeddable":true,"href":"https:\/\/galerie-moderne.lu\/en\/wp-json\/wp\/v2\/users\/1"}],"replies":[{"embeddable":true,"href":"https:\/\/galerie-moderne.lu\/en\/wp-json\/wp\/v2\/comments?post=49"}],"version-history":[{"count":2,"href":"https:\/\/galerie-moderne.lu\/en\/wp-json\/wp\/v2\/pages\/49\/revisions"}],"predecessor-version":[{"id":1218,"href":"https:\/\/galerie-moderne.lu\/en\/wp-json\/wp\/v2\/pages\/49\/revisions\/1218"}],"wp:featuredmedia":[{"embeddable":true,"href":"https:\/\/galerie-moderne.lu\/en\/wp-json\/wp\/v2\/media\/40"}],"wp:attachment":[{"href":"https:\/\/galerie-moderne.lu\/en\/wp-json\/wp\/v2\/media?parent=49"}],"curies":[{"name":"wp","href":"https:\/\/api.w.org\/{rel}","templated":true}]}}